{"id":706,"date":"2023-09-01T10:34:33","date_gmt":"2023-09-01T08:34:33","guid":{"rendered":"https:\/\/www.baron1854.com\/privacy-policy\/"},"modified":"2026-03-16T10:42:03","modified_gmt":"2026-03-16T08:42:03","slug":"privacy-policy","status":"publish","type":"page","link":"https:\/\/www.baron1854.com\/en\/privacy-policy\/","title":{"rendered":"Privacy Policy"},"content":{"rendered":"<p>In questa pagina si descrivono le modalit\u00e0 di gestione del sito in riferimento al trattamento dei dati personali degli utenti che lo consultano. Si tratta di un\u2019informativa che \u00e8 resa ai sensi degli Artt. 13 e 14 Reg. (UE) 2016\/679.<br \/>\nL\u2019informativa \u00e8 resa solo per il sito di Baron srl e non anche per altri siti web eventualmente consultati dall\u2019utente tramite link.<br \/>\nA seguito della consultazione di questo sito possono essere trattati dati relativi a persone identificate o identificabili.<br \/>\nIl \u201ctitolare\u201d del loro trattamento \u00e8 Baron srl che ha sede in Via dell\u2019Industria, 8\/1 \u2013 6051 Creazzo (Vi) \u2013 ITALIA, alla quale puoi rivolgerti per esercitare i diritti sui tuoi dati: verificarne l\u2019esistenza, il contenuto, l\u2019origine e l\u2019esattezza, richiederne l\u2019integrazione, l\u2019aggiornamento, la correzione, la cancellazione, la trasformazione in forma anonima, il blocco dei dati trattati in violazione di legge, nonch\u00e9 opporsi in ogni caso al loro trattamento (alla fine di questa pagina puoi trovare \u2018 elenco completo dei tuoi diritti).<br \/>\nI trattamenti connessi ai servizi di questo sito hanno luogo presso le seguenti societ\u00e0:<br \/>\n\u2022 la predetta sede di Baron srl<br \/>\n\u2022 la societ\u00e0 che sviluppa le azioni di marketing Baron srl, Via dell\u2019Industria, 8\/1 \u2013 6051 Creazzo (Vi) \u2013 ITALIA<br \/>\n\u2022 la server farm che ospita il sito (Caloisoft, Via Verona, 11 \u2013 36051 Creazzo (VI))<br \/>\n\u2022 la societ\u00e0 che sviluppa i contenuti del sito Baron srl, Via dell\u2019Industria, 8\/1 \u2013 6051 Creazzo (Vi) \u2013 ITALIA<br \/>\nI trattamenti sono curati solo da personale tecnico incaricato del trattamento, oppure da eventuali incaricati di occasionali operazioni di manutenzione.<br \/>\nNessun dato derivante dal servizio web viene comunicato o diffuso, con le seguenti eccezioni:<br \/>\n\u2022 i dati personali forniti dagli utenti che inoltrano richieste di informazioni o di invio di materiale, utilizzati al solo fine di eseguire il servizio o la prestazione richiesta, sono comunicati a terzi nel solo caso in cui ci\u00f2 sia a tal fine necessario (servizi di spedizione).<br \/>\nI dati personali sono trattati con strumenti automatizzati per il tempo strettamente necessario a conseguire gli scopi per cui sono stati raccolti.<br \/>\nPertanto:<br \/>\nI Dati Personali raccolti per scopi collegati all\u2019esecuzione di un contratto tra il Titolare e l\u2019Utente saranno trattenuti sino a quando sia completata l\u2019esecuzione di tale contratto.<br \/>\nI Dati Personali raccolti per finalit\u00e0 riconducibili all\u2019interesse legittimo del Titolare saranno trattenuti sino al soddisfacimento di tale interesse. L\u2019Utente pu\u00f2 ottenere ulteriori informazioni in merito all\u2019interesse legittimo perseguito dal Titolare nelle relative sezioni di questo documento o contattando il Titolare del trattamento.<\/p>\n<p>Quando il trattamento \u00e8 basato sul consenso dell\u2019Utente, il Titolare pu\u00f2 conservare i Dati Personali pi\u00f9 a lungo sino a quando detto consenso non venga revocato. Inoltre il Titolare potrebbe essere obbligato a conservare i Dati Personali per un periodo pi\u00f9 lungo in ottemperanza ad un obbligo di legge o per ordine di un\u2019autorit\u00e0.<br \/>\nAl termine del periodo di conservazioni i Dati Personali saranno cancellati. Pertanto, allo spirare di tale termine il diritto di accesso, cancellazione, rettificazione ed il diritto alla portabilit\u00e0 dei Dati non potranno pi\u00f9 essere esercitati.<\/p>\n<p>Finalit\u00e0 del Trattamento dei Dati raccolti<br \/>\nI Dati dell\u2019Utente sono raccolti per consentire al Titolare di fornire i propri Servizi, cos\u00ec come per le seguenti finalit\u00e0: Contattare l\u2019Utente via email per rispondere a una domanda\/richiesta espressamente inviata dall\u2019utente tramite il modulo contatti presente in questo sito.<\/p>\n<p>Trasferimento dei dati in paesi extra UE<br \/>\nNessun dato raccolto su questo sito \u00e8 trasferito in paesi extra UE<\/p>\n<p>Misure di sicurezza<br \/>\nI dati dei visitatori\/utenti sono trattati in maniera lecita e corretta, adottando le opportune misure di sicurezza volte ad impedire accessi non autorizzati, divulgazione, modifica o distruzione non autorizzata dei dati.<\/p>\n<p>Tipi di dati trattati<br \/>\nDati forniti volontariamente dall\u2019utente<br \/>\nL\u2019invio facoltativo, esplicito e volontario di posta elettronica agli indirizzi indicati su questo sito comporta la successiva acquisizione dell\u2019indirizzo del mittente, necessario per rispondere alle richieste, nonch\u00e9 degli eventuali altri dati personali inseriti nella missiva . A parte quanto specificato piu\u2019 sotto per i dati di navigazione, l\u2019utente \u00e8 libero di fornire i dati personali richiesti nei moduli (nome, cognome e indirizzo mail). Il loro mancato conferimento pu\u00f2 comportare l\u2019impossibilit\u00e0 di ottenere quanto richiesto.<\/p>\n<p>Dati di navigazione<br \/>\nI sistemi informatici e le procedure software preposte al funzionamento di questo sito web acquisiscono, nel corso del loro normale esercizio, alcuni dati personali la cui trasmissione \u00e8 implicita nell\u2019uso dei protocolli di comunicazione di Internet. Si tratta di informazioni che non sono raccolte per essere associate a interessati identificati, ma che per loro stessa natura potrebbero, attraverso elaborazioni ed associazioni con dati detenuti da terzi, permettere di identificare gli utenti.<\/p>\n<p>In questa categoria di dati rientrano gli indirizzi IP o i nomi a dominio dei computer utilizzati dagli utenti che si connettono al sito, gli indirizzi in notazione URI (Uniform Resource Identifier) delle risorse richieste, l\u2019orario della richiesta, il metodo utilizzato nel sottoporre la richiesta al server ed altri dettagli relativi al protocollo di comunicazione, al sistema operativo e all\u2019ambiente informatico dell\u2019utente.<\/p>\n<p>Questi dati vengono utilizzati al solo fine di ricavare informazioni statistiche anonime sull\u2019uso del sito e per controllarne il corretto funzionamento. I dati potrebbero essere utilizzati per l\u2019accertamento di responsabilit\u00e0 in caso di ipotetici reati informatici ai danni del sito.<\/p>\n<p>Cookies<br \/>\nL\u2019uso di c.d. cookies di sessione (che non vengono memorizzati in modo persistente sul computer dell\u2019utente e svaniscono con la chiusura del browser) \u00e8 strettamente limitato alla trasmissione di identificativi di sessione (costituiti da numeri casuali generati dal server) necessari per consentire l\u2019esplorazione sicura ed efficiente del sito. I c.d. cookies di sessione utilizzati in questo sito evitano il ricorso ad altre tecniche informatiche potenzialmente pregiudizievoli per la riservatezza della navigazione degli utenti e non consentono l\u2019acquisizione di dati personali identificativi dell\u2019utente.<\/p>\n<p>Disabilitazione cookie<br \/>\nL\u2019utente pu\u00f2 rifiutare l\u2019utilizzo dei cookie e in qualsiasi momento pu\u00f2 revocare un consenso gi\u00e0 fornito. Poich\u00e9 i cookie sono collegati al browser utilizzato, POSSONO ESSERE DISABILITATI DIRETTAMENTE DAL BROWSER, cos\u00ec rifiutando\/revocando il consenso all\u2019uso dei cookie, oppure tramite il banner posto a fondo pagina.<br \/>\nLA DISABILITAZIONE DEI COOKIE POTREBBE IMPEDIRE IL CORRETTO UTILIZZO DI ALCUNE FUNZIONI DEL SITO STESSO, in particolare i servizi forniti da terze parti potrebbero non essere accessibili, e quindi potrebbero non essere visualizzabili.<\/p>\n<p>Diritti dell\u2019utente<br \/>\nAi sensi del Regolamento europeo 679\/2016 (GDPR) l\u2019Utente pu\u00f2, secondo le modalit\u00e0 e nei limiti previsti dalla vigente normativa, esercitare i seguenti diritti:<br \/>\n\u2013 opporsi in tutto o in parte, per motivi legittimi al trattamento dei dati personali che lo riguardano ai fini di invio di materiale pubblicitario o di vendita diretta o per il compimento di ricerche di mercato o di comunicazione commerciale;<br \/>\n\u2013 richiedere la conferma dell\u2019esistenza di dati personali che lo riguardano (diritto di accesso);<br \/>\n\u2013 conoscerne l\u2019origine;<br \/>\n\u2013 riceverne comunicazione intelligibile;<br \/>\n\u2013 avere informazioni circa la logica, le modalit\u00e0 e le finalit\u00e0 del trattamento;<br \/>\n\u2013 richiederne l\u2019aggiornamento, la rettifica, l\u2019integrazione, la cancellazione, la trasformazione in forma anonima, il blocco dei dati trattati in violazione di legge, ivi compresi quelli non pi\u00f9 necessari al perseguimento degli scopi per i quali sono stati raccolti;<br \/>\n\u2013 nei casi di trattamento basato su consenso, ricevere al solo costo dell\u2019eventuale supporto, i suoi dati forniti al titolare, in forma strutturata e leggibile da un elaboratore di dati e in un formato comunemente usato da un dispositivo elettronico;<br \/>\n\u2013 il diritto di presentare un reclamo all\u2019Autorit\u00e0 di controllo (Garante Privacy \u2013 link alla pagina del Garante);<br \/>\n\u2013 nonch\u00e9, pi\u00f9 in generale, esercitare tutti i diritti che gli sono riconosciuti dalle vigenti disposizioni di legge.<br \/>\nLe eventuali richieste per l\u2019esercizio di tali diritti vanno rivolte al Titolare del trattamento:<br \/>\nBaron srl, Via dell\u2019Industria, 8\/1 \u2013 6051 Creazzo (Vi) \u2013 ITALIA<br \/>\nMail: info@baron1854.com<\/p>\n<p>La presente privacy policy \u00e8 aggiornata alla data del 24 maggio 2018 per essere conforme alle disposizioni normative in materia, ed in particolare in conformit\u00e0 al Regolamento UE 2016\/679.<\/p>\n","protected":false},"excerpt":{"rendered":"<p>In questa pagina si descrivono le modalit\u00e0 di gestione del sito in riferimento al trattamento dei dati personali degli utenti che lo consultano. Si tratta di un\u2019informativa che \u00e8 resa ai sensi degli Artt. 13 e 14 Reg. (UE) 2016\/679. L\u2019informativa \u00e8 resa solo per il sito di Baron srl e non anche per altri [&hellip;]<\/p>\n","protected":false},"author":1,"featured_media":0,"parent":0,"menu_order":0,"comment_status":"closed","ping_status":"open","template":"template-privacy-cookie.php","meta":{"_acf_changed":false,"site-sidebar-layout":"default","site-content-layout":"","ast-site-content-layout":"default","site-content-style":"default","site-sidebar-style":"default","ast-global-header-display":"","ast-banner-title-visibility":"","ast-main-header-display":"","ast-hfb-above-header-display":"","ast-hfb-below-header-display":"","ast-hfb-mobile-header-display":"","site-post-title":"","ast-breadcrumbs-content":"","ast-featured-img":"","footer-sml-layout":"","ast-disable-related-posts":"","theme-transparent-header-meta":"default","adv-header-id-meta":"","stick-header-meta":"","header-above-stick-meta":"","header-main-stick-meta":"","header-below-stick-meta":"","astra-migrate-meta-layouts":"set","ast-page-background-enabled":"default","ast-page-background-meta":{"desktop":{"background-color":"var(--ast-global-color-4)","background-image":"","background-repeat":"repeat","background-position":"center center","background-size":"auto","background-attachment":"scroll","background-type":"","background-media":"","overlay-type":"","overlay-color":"","overlay-opacity":"","overlay-gradient":""},"tablet":{"background-color":"","background-image":"","background-repeat":"repeat","background-position":"center center","background-size":"auto","background-attachment":"scroll","background-type":"","background-media":"","overlay-type":"","overlay-color":"","overlay-opacity":"","overlay-gradient":""},"mobile":{"background-color":"","background-image":"","background-repeat":"repeat","background-position":"center center","background-size":"auto","background-attachment":"scroll","background-type":"","background-media":"","overlay-type":"","overlay-color":"","overlay-opacity":"","overlay-gradient":""}},"ast-content-background-meta":{"desktop":{"background-color":"var(--ast-global-color-5)","background-image":"","background-repeat":"repeat","background-position":"center center","background-size":"auto","background-attachment":"scroll","background-type":"","background-media":"","overlay-type":"","overlay-color":"","overlay-opacity":"","overlay-gradient":""},"tablet":{"background-color":"var(--ast-global-color-5)","background-image":"","background-repeat":"repeat","background-position":"center center","background-size":"auto","background-attachment":"scroll","background-type":"","background-media":"","overlay-type":"","overlay-color":"","overlay-opacity":"","overlay-gradient":""},"mobile":{"background-color":"var(--ast-global-color-5)","background-image":"","background-repeat":"repeat","background-position":"center center","background-size":"auto","background-attachment":"scroll","background-type":"","background-media":"","overlay-type":"","overlay-color":"","overlay-opacity":"","overlay-gradient":""}},"footnotes":""},"class_list":["post-706","page","type-page","status-publish","hentry"],"acf":[],"yoast_head":"<!-- This site is optimized with the Yoast SEO plugin v27.1.1 - https:\/\/yoast.com\/product\/yoast-seo-wordpress\/ -->\n<title>Privacy Policy - Baron 1854<\/title>\n<meta name=\"robots\" content=\"noindex, nofollow\" \/>\n<meta property=\"og:locale\" content=\"en_US\" \/>\n<meta property=\"og:type\" content=\"article\" \/>\n<meta property=\"og:title\" content=\"Privacy Policy - Baron 1854\" \/>\n<meta property=\"og:description\" content=\"In questa pagina si descrivono le modalit\u00e0 di gestione del sito in riferimento al trattamento dei dati personali degli utenti che lo consultano. Si tratta di un\u2019informativa che \u00e8 resa ai sensi degli Artt. 13 e 14 Reg. (UE) 2016\/679. L\u2019informativa \u00e8 resa solo per il sito di Baron srl e non anche per altri [&hellip;]\" \/>\n<meta property=\"og:url\" content=\"https:\/\/www.baron1854.com\/en\/privacy-policy\/\" \/>\n<meta property=\"og:site_name\" content=\"Baron 1854\" \/>\n<meta property=\"article:modified_time\" content=\"2026-03-16T08:42:03+00:00\" \/>\n<meta name=\"twitter:card\" content=\"summary_large_image\" \/>\n<meta name=\"twitter:label1\" content=\"Est. reading time\" \/>\n\t<meta name=\"twitter:data1\" content=\"7 minutes\" \/>\n<script type=\"application\/ld+json\" class=\"yoast-schema-graph\">{\"@context\":\"https:\/\/schema.org\",\"@graph\":[{\"@type\":\"WebPage\",\"@id\":\"https:\/\/www.baron1854.com\/en\/privacy-policy\/\",\"url\":\"https:\/\/www.baron1854.com\/en\/privacy-policy\/\",\"name\":\"Privacy Policy - Baron 1854\",\"isPartOf\":{\"@id\":\"https:\/\/www.baron1854.com\/en\/#website\"},\"datePublished\":\"2023-09-01T08:34:33+00:00\",\"dateModified\":\"2026-03-16T08:42:03+00:00\",\"breadcrumb\":{\"@id\":\"https:\/\/www.baron1854.com\/en\/privacy-policy\/#breadcrumb\"},\"inLanguage\":\"en-US\",\"potentialAction\":[{\"@type\":\"ReadAction\",\"target\":[\"https:\/\/www.baron1854.com\/en\/privacy-policy\/\"]}]},{\"@type\":\"BreadcrumbList\",\"@id\":\"https:\/\/www.baron1854.com\/en\/privacy-policy\/#breadcrumb\",\"itemListElement\":[{\"@type\":\"ListItem\",\"position\":1,\"name\":\"Home\",\"item\":\"https:\/\/www.baron1854.com\/en\/\"},{\"@type\":\"ListItem\",\"position\":2,\"name\":\"Privacy Policy\"}]},{\"@type\":\"WebSite\",\"@id\":\"https:\/\/www.baron1854.com\/en\/#website\",\"url\":\"https:\/\/www.baron1854.com\/en\/\",\"name\":\"Baron 1854\",\"description\":\"Pesatura a bordo\",\"publisher\":{\"@id\":\"https:\/\/www.baron1854.com\/en\/#organization\"},\"potentialAction\":[{\"@type\":\"SearchAction\",\"target\":{\"@type\":\"EntryPoint\",\"urlTemplate\":\"https:\/\/www.baron1854.com\/en\/?s={search_term_string}\"},\"query-input\":{\"@type\":\"PropertyValueSpecification\",\"valueRequired\":true,\"valueName\":\"search_term_string\"}}],\"inLanguage\":\"en-US\"},{\"@type\":\"Organization\",\"@id\":\"https:\/\/www.baron1854.com\/en\/#organization\",\"name\":\"Baron 1854\",\"url\":\"https:\/\/www.baron1854.com\/en\/\",\"logo\":{\"@type\":\"ImageObject\",\"inLanguage\":\"en-US\",\"@id\":\"https:\/\/www.baron1854.com\/en\/#\/schema\/logo\/image\/\",\"url\":\"https:\/\/www.baron1854.com\/wp-content\/uploads\/2025\/03\/baron1854-logo_retina.png\",\"contentUrl\":\"https:\/\/www.baron1854.com\/wp-content\/uploads\/2025\/03\/baron1854-logo_retina.png\",\"width\":496,\"height\":244,\"caption\":\"Baron 1854\"},\"image\":{\"@id\":\"https:\/\/www.baron1854.com\/en\/#\/schema\/logo\/image\/\"}}]}<\/script>\n<!-- \/ Yoast SEO plugin. -->","yoast_head_json":{"title":"Privacy Policy - Baron 1854","robots":{"index":"noindex","follow":"nofollow"},"og_locale":"en_US","og_type":"article","og_title":"Privacy Policy - Baron 1854","og_description":"In questa pagina si descrivono le modalit\u00e0 di gestione del sito in riferimento al trattamento dei dati personali degli utenti che lo consultano. Si tratta di un\u2019informativa che \u00e8 resa ai sensi degli Artt. 13 e 14 Reg. (UE) 2016\/679. L\u2019informativa \u00e8 resa solo per il sito di Baron srl e non anche per altri [&hellip;]","og_url":"https:\/\/www.baron1854.com\/en\/privacy-policy\/","og_site_name":"Baron 1854","article_modified_time":"2026-03-16T08:42:03+00:00","twitter_card":"summary_large_image","twitter_misc":{"Est. reading time":"7 minutes"},"schema":{"@context":"https:\/\/schema.org","@graph":[{"@type":"WebPage","@id":"https:\/\/www.baron1854.com\/en\/privacy-policy\/","url":"https:\/\/www.baron1854.com\/en\/privacy-policy\/","name":"Privacy Policy - Baron 1854","isPartOf":{"@id":"https:\/\/www.baron1854.com\/en\/#website"},"datePublished":"2023-09-01T08:34:33+00:00","dateModified":"2026-03-16T08:42:03+00:00","breadcrumb":{"@id":"https:\/\/www.baron1854.com\/en\/privacy-policy\/#breadcrumb"},"inLanguage":"en-US","potentialAction":[{"@type":"ReadAction","target":["https:\/\/www.baron1854.com\/en\/privacy-policy\/"]}]},{"@type":"BreadcrumbList","@id":"https:\/\/www.baron1854.com\/en\/privacy-policy\/#breadcrumb","itemListElement":[{"@type":"ListItem","position":1,"name":"Home","item":"https:\/\/www.baron1854.com\/en\/"},{"@type":"ListItem","position":2,"name":"Privacy Policy"}]},{"@type":"WebSite","@id":"https:\/\/www.baron1854.com\/en\/#website","url":"https:\/\/www.baron1854.com\/en\/","name":"Baron 1854","description":"Pesatura a bordo","publisher":{"@id":"https:\/\/www.baron1854.com\/en\/#organization"},"potentialAction":[{"@type":"SearchAction","target":{"@type":"EntryPoint","urlTemplate":"https:\/\/www.baron1854.com\/en\/?s={search_term_string}"},"query-input":{"@type":"PropertyValueSpecification","valueRequired":true,"valueName":"search_term_string"}}],"inLanguage":"en-US"},{"@type":"Organization","@id":"https:\/\/www.baron1854.com\/en\/#organization","name":"Baron 1854","url":"https:\/\/www.baron1854.com\/en\/","logo":{"@type":"ImageObject","inLanguage":"en-US","@id":"https:\/\/www.baron1854.com\/en\/#\/schema\/logo\/image\/","url":"https:\/\/www.baron1854.com\/wp-content\/uploads\/2025\/03\/baron1854-logo_retina.png","contentUrl":"https:\/\/www.baron1854.com\/wp-content\/uploads\/2025\/03\/baron1854-logo_retina.png","width":496,"height":244,"caption":"Baron 1854"},"image":{"@id":"https:\/\/www.baron1854.com\/en\/#\/schema\/logo\/image\/"}}]}},"_links":{"self":[{"href":"https:\/\/www.baron1854.com\/en\/wp-json\/wp\/v2\/pages\/706","targetHints":{"allow":["GET"]}}],"collection":[{"href":"https:\/\/www.baron1854.com\/en\/wp-json\/wp\/v2\/pages"}],"about":[{"href":"https:\/\/www.baron1854.com\/en\/wp-json\/wp\/v2\/types\/page"}],"author":[{"embeddable":true,"href":"https:\/\/www.baron1854.com\/en\/wp-json\/wp\/v2\/users\/1"}],"replies":[{"embeddable":true,"href":"https:\/\/www.baron1854.com\/en\/wp-json\/wp\/v2\/comments?post=706"}],"version-history":[{"count":1,"href":"https:\/\/www.baron1854.com\/en\/wp-json\/wp\/v2\/pages\/706\/revisions"}],"predecessor-version":[{"id":707,"href":"https:\/\/www.baron1854.com\/en\/wp-json\/wp\/v2\/pages\/706\/revisions\/707"}],"wp:attachment":[{"href":"https:\/\/www.baron1854.com\/en\/wp-json\/wp\/v2\/media?parent=706"}],"curies":[{"name":"wp","href":"https:\/\/api.w.org\/{rel}","templated":true}]}}